{"id":37,"date":"2022-02-03T06:41:31","date_gmt":"2022-02-03T06:41:31","guid":{"rendered":"https:\/\/papercliplang.com\/?page_id=37"},"modified":"2022-07-27T10:22:40","modified_gmt":"2022-07-27T10:22:40","slug":"about-us","status":"publish","type":"page","link":"https:\/\/papercliplang.com\/de_DE\/about-us\/","title":{"rendered":"\u00dcber uns"},"content":{"rendered":"<div class=\"wpb-content-wrapper\">[vc_section el_class=&#8221;contentSection about-text&#8221;][vc_row el_class=&#8221;container&#8221;][vc_column][vc_column_text]\r\n<p style=\"text-align: center;\">Es geht um Ihre Anforderungen, Ihre Fristen und die Qualit\u00e4t, die Sie gew\u00e4hrleisten wollen. Wenn die Zeit dr\u00e4ngt, Sie ein neues Zielpublikum ansprechen wollen und\/oder ein entscheidendes Projekt mit nuancierter Sprache haben, sind wir zur Stelle. Bevor wir mit Ihrem Projekt beginnen, besprechen wir Ihre Bed\u00fcrfnisse und den Zeitplan. Unser Ziel ist es, dass unsere Kunden nicht nur zufrieden, sondern gl\u00fccklich sind. Wie Sie sehen, geht es in diesem Abschnitt \u201e\u00dcber uns\u201c eigentlich um Sie.<\/p>\r\n[\/vc_column_text][\/vc_column][\/vc_row][\/vc_section][vc_section el_id=&#8221;founder&#8221; el_class=&#8221;contentSection meet-the-founder&#8221;][vc_row el_class=&#8221;container&#8221;][vc_column width=&#8221;1\/2&#8243;][vc_single_image image=&#8221;145&#8243; img_size=&#8221;full&#8221;][\/vc_column][vc_column width=&#8221;1\/2&#8243;][vc_column_text el_class=&#8221;sub-title&#8221;]\u00dcber die Gr\u00fcnderin[\/vc_column_text][vc_custom_heading text=&#8221;Mansi Sheth&#8221; use_theme_fonts=&#8221;yes&#8221;][vc_column_text]\r\n<ul>\r\n \t<li>\u00dcbersetzerin f\u00fcr Deutsch &gt; Englisch<\/li>\r\n \t<li>Lektorin f\u00fcr Englisch<\/li>\r\n \t<li>MA Translation der Johannes Gutenberg-Universit\u00e4t Mainz, Deutschland<\/li>\r\n<\/ul>\r\nSeit 2014 bin ich in der Sprachdienstleistungsbranche t\u00e4tig und biete qualitativ hochwertige \u00dcbersetzungsdienste aus dem Deutschen ins Englische sowie englische Korrekturlesedienste an. Ich arbeite regelm\u00e4\u00dfig mit Unternehmen sowie Privatpersonen zusammen und \u00fcbersetze ein breites Spektrum an allgemeinen Texten, wie z. B. Schadensgutachten (mein Spezialgebiet), Zeitschriften, Vertr\u00e4ge, juristische Dokumente und Web-Inhalte. Seit 2022 unterrichte ich auch \u00dcbersetzungskurse als Dozentin an meiner Alma Mater in Deutschland.[\/vc_column_text][\/vc_column][\/vc_row][\/vc_section][vc_section el_class=&#8221;contentSection translationPublicOnline&#8221;][vc_row el_class=&#8221;container&#8221;][vc_column][vc_custom_heading text=&#8221;Einige meiner online ver\u00f6ffentlichten \u00dcbersetzungen:&#8221; font_container=&#8221;tag:h2|text_align:center&#8221; use_theme_fonts=&#8221;yes&#8221;][vc_row_inner][vc_column_inner][vc_column_text el_class=&#8221;translate-work-div&#8221; css=&#8221;.vc_custom_1658917357894{margin-bottom: 30px !important;}&#8221;]\r\n<h3><a href=\"https:\/\/www.kas.de\/en\/monitor\/detail\/-\/content\/analysis-of-the-bundestag-election-in-germany-on-26-september-2021\" target=\"_blank\" rel=\"noopener\">Analysis of the Bundestag election in Germany on 26 September 2021<\/a><\/h3>\r\n(Deutsches Original von Dr. Viola Neu and Dr. Sabine Pokorny), ver\u00f6ffentlicht von der Konrad-Adenauer-Stiftung, Berlin[\/vc_column_text][vc_column_text el_class=&#8221;translate-work-div&#8221;]\r\n<h3><a href=\"https:\/\/www.icja.de\/fileadmin\/Daten\/ICJA\/Downloads\/EN_ICJA_Handbook_GLOBITAL_2022_FINAL.pdf\" target=\"_blank\" rel=\"noopener\">Globital? Global Learning Goes Digital<\/a><\/h3>\r\nEin Handbuch zum digitalen globalen Lernen f\u00fcr die <a href=\"https:\/\/www.icja.de\/\" target=\"_blank\" rel=\"noopener\">ICJA Freiwilligenaustausch weltweit e.V.<\/a>[\/vc_column_text][\/vc_column_inner][\/vc_row_inner][vc_empty_space][vc_btn title=&#8221;Jetzt kontaktieren!&#8221; align=&#8221;center&#8221; link=&#8221;url:https%3A%2F%2Fpapercliplang.com%2Fde_DE%2Fcontact-us%2F|title:Contact%20Us||&#8221; el_class=&#8221;commonBtn&#8221; css=&#8221;.vc_custom_1658838690298{margin-top: 70px !important;}&#8221;][\/vc_column][\/vc_row][\/vc_section]<\/div>","protected":false},"excerpt":{"rendered":"<p>[vc_section el_class=&#8221;contentSection about-text&#8221;][vc_row el_class=&#8221;container&#8221;][vc_column][vc_column_text]<\/p>\n<p style=\"text-align: center;\">Es geht um Ihre Anforderungen, Ihre Fristen und die Qualit\u00e4t, die Sie gew\u00e4hrleisten wollen. Wenn die Zeit dr\u00e4ngt&#8230;<\/p>\n","protected":false},"author":1,"featured_media":162,"parent":0,"menu_order":0,"comment_status":"closed","ping_status":"closed","template":"inner.php","meta":{"footnotes":""},"class_list":["post-37","page","type-page","status-publish","has-post-thumbnail","hentry","entry"],"yoast_head":"<!-- This site is optimized with the Yoast SEO plugin v26.9 - https:\/\/yoast.com\/product\/yoast-seo-wordpress\/ -->\n<title>About Us - Paperclip Language Solutions<\/title>\n<meta name=\"robots\" content=\"index, follow, max-snippet:-1, max-image-preview:large, max-video-preview:-1\" \/>\n<link rel=\"canonical\" href=\"https:\/\/papercliplang.com\/about-us\/\" \/>\n<meta property=\"og:locale\" content=\"en_US\" \/>\n<meta property=\"og:type\" content=\"article\" \/>\n<meta property=\"og:title\" content=\"About Us - Paperclip Language Solutions\" \/>\n<meta property=\"og:description\" content=\"[vc_section el_class=&quot;contentSection about-text&quot;][vc_row el_class=&quot;container&quot;][vc_column][vc_column_text] Es geht um Ihre Anforderungen, Ihre Fristen und die Qualit\u00e4t, die Sie gew\u00e4hrleisten wollen. Wenn die Zeit dr\u00e4ngt...\" \/>\n<meta property=\"og:url\" content=\"https:\/\/papercliplang.com\/about-us\/\" \/>\n<meta property=\"og:site_name\" content=\"Paperclip Language Solutions\" \/>\n<meta property=\"article:modified_time\" content=\"2022-07-27T10:22:40+00:00\" \/>\n<meta property=\"og:image\" content=\"https:\/\/papercliplang.com\/wp-content\/uploads\/2022\/06\/inner-banner-scaled.jpg\" \/>\n\t<meta property=\"og:image:width\" content=\"2560\" \/>\n\t<meta property=\"og:image:height\" content=\"507\" \/>\n\t<meta property=\"og:image:type\" content=\"image\/jpeg\" \/>\n<meta name=\"twitter:card\" content=\"summary_large_image\" \/>\n<meta name=\"twitter:label1\" content=\"Est. reading time\" \/>\n\t<meta name=\"twitter:data1\" content=\"2 minutes\" \/>\n<script type=\"application\/ld+json\" class=\"yoast-schema-graph\">{\"@context\":\"https:\/\/schema.org\",\"@graph\":[{\"@type\":\"WebPage\",\"@id\":\"https:\/\/papercliplang.com\/about-us\/\",\"url\":\"https:\/\/papercliplang.com\/about-us\/\",\"name\":\"About Us - Paperclip Language Solutions\",\"isPartOf\":{\"@id\":\"https:\/\/papercliplang.com\/#website\"},\"primaryImageOfPage\":{\"@id\":\"https:\/\/papercliplang.com\/about-us\/#primaryimage\"},\"image\":{\"@id\":\"https:\/\/papercliplang.com\/about-us\/#primaryimage\"},\"thumbnailUrl\":\"https:\/\/papercliplang.com\/wp-content\/uploads\/2022\/06\/inner-banner-scaled.jpg\",\"datePublished\":\"2022-02-03T06:41:31+00:00\",\"dateModified\":\"2022-07-27T10:22:40+00:00\",\"breadcrumb\":{\"@id\":\"https:\/\/papercliplang.com\/about-us\/#breadcrumb\"},\"inLanguage\":\"en-US\",\"potentialAction\":[{\"@type\":\"ReadAction\",\"target\":[\"https:\/\/papercliplang.com\/about-us\/\"]}]},{\"@type\":\"ImageObject\",\"inLanguage\":\"en-US\",\"@id\":\"https:\/\/papercliplang.com\/about-us\/#primaryimage\",\"url\":\"https:\/\/papercliplang.com\/wp-content\/uploads\/2022\/06\/inner-banner-scaled.jpg\",\"contentUrl\":\"https:\/\/papercliplang.com\/wp-content\/uploads\/2022\/06\/inner-banner-scaled.jpg\",\"width\":2560,\"height\":507},{\"@type\":\"BreadcrumbList\",\"@id\":\"https:\/\/papercliplang.com\/about-us\/#breadcrumb\",\"itemListElement\":[{\"@type\":\"ListItem\",\"position\":1,\"name\":\"Home\",\"item\":\"https:\/\/papercliplang.com\/\"},{\"@type\":\"ListItem\",\"position\":2,\"name\":\"\u00dcber uns\"}]},{\"@type\":\"WebSite\",\"@id\":\"https:\/\/papercliplang.com\/#website\",\"url\":\"https:\/\/papercliplang.com\/\",\"name\":\"Paperclip Language Solutions\",\"description\":\"\",\"potentialAction\":[{\"@type\":\"SearchAction\",\"target\":{\"@type\":\"EntryPoint\",\"urlTemplate\":\"https:\/\/papercliplang.com\/?s={search_term_string}\"},\"query-input\":{\"@type\":\"PropertyValueSpecification\",\"valueRequired\":true,\"valueName\":\"search_term_string\"}}],\"inLanguage\":\"en-US\"}]}<\/script>\n<!-- \/ Yoast SEO plugin. -->","yoast_head_json":{"title":"About Us - Paperclip Language Solutions","robots":{"index":"index","follow":"follow","max-snippet":"max-snippet:-1","max-image-preview":"max-image-preview:large","max-video-preview":"max-video-preview:-1"},"canonical":"https:\/\/papercliplang.com\/about-us\/","og_locale":"en_US","og_type":"article","og_title":"About Us - Paperclip Language Solutions","og_description":"[vc_section el_class=\"contentSection about-text\"][vc_row el_class=\"container\"][vc_column][vc_column_text] Es geht um Ihre Anforderungen, Ihre Fristen und die Qualit\u00e4t, die Sie gew\u00e4hrleisten wollen. Wenn die Zeit dr\u00e4ngt...","og_url":"https:\/\/papercliplang.com\/about-us\/","og_site_name":"Paperclip Language Solutions","article_modified_time":"2022-07-27T10:22:40+00:00","og_image":[{"width":2560,"height":507,"url":"https:\/\/papercliplang.com\/wp-content\/uploads\/2022\/06\/inner-banner-scaled.jpg","type":"image\/jpeg"}],"twitter_card":"summary_large_image","twitter_misc":{"Est. reading time":"2 minutes"},"schema":{"@context":"https:\/\/schema.org","@graph":[{"@type":"WebPage","@id":"https:\/\/papercliplang.com\/about-us\/","url":"https:\/\/papercliplang.com\/about-us\/","name":"About Us - Paperclip Language Solutions","isPartOf":{"@id":"https:\/\/papercliplang.com\/#website"},"primaryImageOfPage":{"@id":"https:\/\/papercliplang.com\/about-us\/#primaryimage"},"image":{"@id":"https:\/\/papercliplang.com\/about-us\/#primaryimage"},"thumbnailUrl":"https:\/\/papercliplang.com\/wp-content\/uploads\/2022\/06\/inner-banner-scaled.jpg","datePublished":"2022-02-03T06:41:31+00:00","dateModified":"2022-07-27T10:22:40+00:00","breadcrumb":{"@id":"https:\/\/papercliplang.com\/about-us\/#breadcrumb"},"inLanguage":"en-US","potentialAction":[{"@type":"ReadAction","target":["https:\/\/papercliplang.com\/about-us\/"]}]},{"@type":"ImageObject","inLanguage":"en-US","@id":"https:\/\/papercliplang.com\/about-us\/#primaryimage","url":"https:\/\/papercliplang.com\/wp-content\/uploads\/2022\/06\/inner-banner-scaled.jpg","contentUrl":"https:\/\/papercliplang.com\/wp-content\/uploads\/2022\/06\/inner-banner-scaled.jpg","width":2560,"height":507},{"@type":"BreadcrumbList","@id":"https:\/\/papercliplang.com\/about-us\/#breadcrumb","itemListElement":[{"@type":"ListItem","position":1,"name":"Home","item":"https:\/\/papercliplang.com\/"},{"@type":"ListItem","position":2,"name":"\u00dcber uns"}]},{"@type":"WebSite","@id":"https:\/\/papercliplang.com\/#website","url":"https:\/\/papercliplang.com\/","name":"Paperclip Language Solutions","description":"","potentialAction":[{"@type":"SearchAction","target":{"@type":"EntryPoint","urlTemplate":"https:\/\/papercliplang.com\/?s={search_term_string}"},"query-input":{"@type":"PropertyValueSpecification","valueRequired":true,"valueName":"search_term_string"}}],"inLanguage":"en-US"}]}},"_links":{"self":[{"href":"https:\/\/papercliplang.com\/de_DE\/wp-json\/wp\/v2\/pages\/37","targetHints":{"allow":["GET"]}}],"collection":[{"href":"https:\/\/papercliplang.com\/de_DE\/wp-json\/wp\/v2\/pages"}],"about":[{"href":"https:\/\/papercliplang.com\/de_DE\/wp-json\/wp\/v2\/types\/page"}],"author":[{"embeddable":true,"href":"https:\/\/papercliplang.com\/de_DE\/wp-json\/wp\/v2\/users\/1"}],"replies":[{"embeddable":true,"href":"https:\/\/papercliplang.com\/de_DE\/wp-json\/wp\/v2\/comments?post=37"}],"version-history":[{"count":37,"href":"https:\/\/papercliplang.com\/de_DE\/wp-json\/wp\/v2\/pages\/37\/revisions"}],"predecessor-version":[{"id":416,"href":"https:\/\/papercliplang.com\/de_DE\/wp-json\/wp\/v2\/pages\/37\/revisions\/416"}],"wp:featuredmedia":[{"embeddable":true,"href":"https:\/\/papercliplang.com\/de_DE\/wp-json\/wp\/v2\/media\/162"}],"wp:attachment":[{"href":"https:\/\/papercliplang.com\/de_DE\/wp-json\/wp\/v2\/media?parent=37"}],"curies":[{"name":"wp","href":"https:\/\/api.w.org\/{rel}","templated":true}]}}